{"id":1149,"date":"2021-07-08T14:52:22","date_gmt":"2021-07-08T14:52:22","guid":{"rendered":"https:\/\/shop.garagestyger.ch\/?post_type=product&#038;p=1149"},"modified":"2022-11-29T14:56:44","modified_gmt":"2022-11-29T14:56:44","slug":"mx-85-sp-led-leuchte-osram","status":"publish","type":"product","link":"https:\/\/shop.garagestyger.ch\/?product=mx-85-sp-led-leuchte-osram","title":{"rendered":"MX-85-SP LED Leuchte Osram"},"content":{"rendered":"<p>Die LED-Arbeits-\/ Multifunktions-Scheinwerfer von Osram mit dem Stylischen X-Shape-Light.<\/p>\n<p>Mit seinen 4 Hochleistungs LED`S erreicht der MX-85-<strong>SP<\/strong>ot dank dem f\u00fcr einen Arbeitsscheinwerfer sehr schmalen Abstrahlwinkel von 13.5\u00b0 eine Distanz von bis zu 110m. Das X-Shape-Light in der mitte dient ausschliesslich optischen zwecken und ist selbstvers\u00e4ndlich separart ansteuerbar. Da der Scheinwerfer \u00fcber keine ECE-R112 Zulassung verf\u00fcgt, darf dieser nicht im Strassenverkehr eingesetzt werden.<\/p>\n<p>Dank des Aluminium-Geh\u00e4uses und der fast unzerst\u00f6rbaren und kratzfesten Polycarbonat-Scheibe ist der Scheinwerfer extrem Robust und zudem auch Wasserdicht nach dem IP67 Standart. Wie alle Osram LED-Zusatzscheinwerfer besteht auch der MX-85 aus Edelstahl und pulverbeschichtetem Aluminium, dadurch erreichen die Scheinwerfer die in der Automobilbranche \u00fcblichen Korrosionsschutzstandarts.<\/p>\n<p>Der MX-85-SP wird mit einem Montageb\u00fcgel geliefert. Der Elektrische anschluss erfolgt \u00fcber ein kabel mit offenen enden (es ist kein Stecker vormontiert).<\/p>\n<table width=\"600\">\n<tbody>\n<tr>\n<td width=\"300\">Zulassung als Fernscheinwerfer<\/td>\n<td width=\"300\">Nein<\/td>\n<\/tr>\n<tr>\n<td width=\"300\">Betriebsspannung<\/td>\n<td width=\"300\">12V DC<\/td>\n<\/tr>\n<tr>\n<td width=\"300\">Leistungsaufnahme<\/td>\n<td width=\"300\">20W<\/td>\n<\/tr>\n<tr>\n<td width=\"300\">Schutzklasse Geh\u00e4use<\/td>\n<td width=\"300\">IP67<\/td>\n<\/tr>\n<tr>\n<td width=\"300\">Betriebstemperatur<\/td>\n<td width=\"300\">N\/A<\/td>\n<\/tr>\n<tr>\n<td width=\"300\">Farbtemperatur<\/td>\n<td width=\"300\">6000\u00b0K<\/td>\n<\/tr>\n<tr>\n<td width=\"300\">Lichtstrom<\/td>\n<td width=\"300\">1250 Lm<\/td>\n<\/tr>\n<tr>\n<td width=\"300\">HxBxT<\/td>\n<td width=\"300\">121x57x85mm<\/td>\n<\/tr>\n<tr>\n<td width=\"300\">1Lx @<\/td>\n<td width=\"300\">110m<\/td>\n<\/tr>\n<\/tbody>\n<\/table>\n","protected":false},"excerpt":{"rendered":"<p>Die LED-Arbeits-\/ Multifunktions-Scheinwerfer von Osram mit dem Stylischen X-Shape-Light. Mit seinen 4 Hochleistungs LED`S erreicht der MX-85-SPot dank dem f\u00fcr einen Arbeitsscheinwerfer sehr schmalen Abstrahlwinkel von 13.5\u00b0 eine Distanz von bis zu 110m. Das X-Shape-Light in der mitte dient ausschliesslich optischen zwecken und ist selbstvers\u00e4ndlich separart ansteuerbar. Da der Scheinwerfer \u00fcber keine ECE-R112 Zulassung verf\u00fcgt, [&hellip;]<\/p>\n","protected":false},"featured_media":1150,"comment_status":"open","ping_status":"closed","template":"","meta":[],"product_cat":[403,15,20],"product_tag":[380,376,378,388,377],"_links":{"self":[{"href":"https:\/\/shop.garagestyger.ch\/index.php?rest_route=\/wp\/v2\/product\/1149"}],"collection":[{"href":"https:\/\/shop.garagestyger.ch\/index.php?rest_route=\/wp\/v2\/product"}],"about":[{"href":"https:\/\/shop.garagestyger.ch\/index.php?rest_route=\/wp\/v2\/types\/product"}],"replies":[{"embeddable":true,"href":"https:\/\/shop.garagestyger.ch\/index.php?rest_route=%2Fwp%2Fv2%2Fcomments&post=1149"}],"wp:featuredmedia":[{"embeddable":true,"href":"https:\/\/shop.garagestyger.ch\/index.php?rest_route=\/wp\/v2\/media\/1150"}],"wp:attachment":[{"href":"https:\/\/shop.garagestyger.ch\/index.php?rest_route=%2Fwp%2Fv2%2Fmedia&parent=1149"}],"wp:term":[{"taxonomy":"product_cat","embeddable":true,"href":"https:\/\/shop.garagestyger.ch\/index.php?rest_route=%2Fwp%2Fv2%2Fproduct_cat&post=1149"},{"taxonomy":"product_tag","embeddable":true,"href":"https:\/\/shop.garagestyger.ch\/index.php?rest_route=%2Fwp%2Fv2%2Fproduct_tag&post=1149"}],"curies":[{"name":"wp","href":"https:\/\/api.w.org\/{rel}","templated":true}]}}