{"id":1137,"date":"2021-07-08T14:23:08","date_gmt":"2021-07-08T14:23:08","guid":{"rendered":"https:\/\/shop.garagestyger.ch\/?post_type=product&#038;p=1137"},"modified":"2022-04-05T12:48:30","modified_gmt":"2022-04-05T12:48:30","slug":"sx-500-sp-ledriving-lightbar-osram","status":"publish","type":"product","link":"https:\/\/shop.garagestyger.ch\/?product=sx-500-sp-ledriving-lightbar-osram","title":{"rendered":"SX-500-SP LED Lightbar Osram"},"content":{"rendered":"<p>Die SX Serie von Osram wurde als ECE-Konforme und somit zugelassene Zusatzfernscheinwerfer mit sehr flachem aufbau konzipiert.<\/p>\n<p>Mit seinen Hochleistungs LED`S erreicht die SX Serie eine Distanz von bis zu 370m. Da der Scheinwerfer \u00fcber eine ECE-R112 Zulassung verf\u00fcgt, darf dieser als Zusatzfernscheinwerfer verbaut und nat\u00fcrlich auch benutzt werden. Zu beachten ist dabei jedoch das diese immer paarweise verbaut werden m\u00fcssen. Durch das geringe Aufbaumas von gerade mal 50mm ist f\u00fcr die LED-Bars der SX Serie fast immer eine einbauposition zu finden.<\/p>\n<p>Dank des Aluminium-Geh\u00e4uses und der fast unzerst\u00f6rbaren und kratzfesten Polycarbonat-Scheibe ist der Scheinwerfer extrem Robust und zudem auch Wasserdicht nach dem IP67 Standart. Wie alle Osram LED-Zusatzscheinwerfer besteht auch die SX Serie aus Edelstahl und pulverbeschichtetem Aluminium. Dadurch erreichen die Scheinwerfer die in der Automobilbranche \u00fcblichen Korrosionsschutzstandarts.<\/p>\n<p>Der SX-500-SP wird mit einem paar Montageb\u00fcgel geliefert. Der Elektrische anschluss erfolgt \u00fcber einen vormontierten Stecker(Deutsch DT), dieser kommt inklusive einer Kupplung mit Anschlusskabeln.<\/p>\n<table width=\"600\">\n<tbody>\n<tr>\n<td width=\"300\">Zulassung als Fernscheinwerfer<\/td>\n<td width=\"300\">Ja ECE-R112, Ref.Zahl 30<\/td>\n<\/tr>\n<tr>\n<td width=\"300\">Betriebsspannung<\/td>\n<td width=\"300\">12V\/ 24V DC<\/td>\n<\/tr>\n<tr>\n<td width=\"300\">Leistungsaufnahme<\/td>\n<td width=\"300\">45W<\/td>\n<\/tr>\n<tr>\n<td width=\"300\">Schutzklasse Geh\u00e4use<\/td>\n<td width=\"300\">IP67<\/td>\n<\/tr>\n<tr>\n<td width=\"300\">Betriebstemperatur<\/td>\n<td width=\"300\">N\/A<\/td>\n<\/tr>\n<tr>\n<td width=\"300\">Farbtemperatur<\/td>\n<td width=\"300\">6000\u00b0K<\/td>\n<\/tr>\n<tr>\n<td width=\"300\">Lichtstrom<\/td>\n<td width=\"300\">3900 Lm<\/td>\n<\/tr>\n<tr>\n<td width=\"300\">HxBxT<\/td>\n<td width=\"300\">38x556x62mm<\/td>\n<\/tr>\n<tr>\n<td width=\"300\">1Lx @<\/td>\n<td width=\"300\">370m<\/td>\n<\/tr>\n<\/tbody>\n<\/table>\n","protected":false},"excerpt":{"rendered":"<p>Die SX Serie von Osram wurde als ECE-Konforme und somit zugelassene Zusatzfernscheinwerfer mit sehr flachem aufbau konzipiert. Mit seinen Hochleistungs LED`S erreicht die SX Serie eine Distanz von bis zu 370m. Da der Scheinwerfer \u00fcber eine ECE-R112 Zulassung verf\u00fcgt, darf dieser als Zusatzfernscheinwerfer verbaut und nat\u00fcrlich auch benutzt werden. Zu beachten ist dabei jedoch das [&hellip;]<\/p>\n","protected":false},"featured_media":1138,"comment_status":"open","ping_status":"closed","template":"","meta":[],"product_cat":[403,15,20],"product_tag":[380,381,377,383,385],"_links":{"self":[{"href":"https:\/\/shop.garagestyger.ch\/index.php?rest_route=\/wp\/v2\/product\/1137"}],"collection":[{"href":"https:\/\/shop.garagestyger.ch\/index.php?rest_route=\/wp\/v2\/product"}],"about":[{"href":"https:\/\/shop.garagestyger.ch\/index.php?rest_route=\/wp\/v2\/types\/product"}],"replies":[{"embeddable":true,"href":"https:\/\/shop.garagestyger.ch\/index.php?rest_route=%2Fwp%2Fv2%2Fcomments&post=1137"}],"wp:featuredmedia":[{"embeddable":true,"href":"https:\/\/shop.garagestyger.ch\/index.php?rest_route=\/wp\/v2\/media\/1138"}],"wp:attachment":[{"href":"https:\/\/shop.garagestyger.ch\/index.php?rest_route=%2Fwp%2Fv2%2Fmedia&parent=1137"}],"wp:term":[{"taxonomy":"product_cat","embeddable":true,"href":"https:\/\/shop.garagestyger.ch\/index.php?rest_route=%2Fwp%2Fv2%2Fproduct_cat&post=1137"},{"taxonomy":"product_tag","embeddable":true,"href":"https:\/\/shop.garagestyger.ch\/index.php?rest_route=%2Fwp%2Fv2%2Fproduct_tag&post=1137"}],"curies":[{"name":"wp","href":"https:\/\/api.w.org\/{rel}","templated":true}]}}