{"id":1117,"date":"2021-07-08T09:59:02","date_gmt":"2021-07-08T09:59:02","guid":{"rendered":"https:\/\/shop.garagestyger.ch\/?post_type=product&#038;p=1117"},"modified":"2025-04-03T08:21:21","modified_gmt":"2025-04-03T08:21:21","slug":"mx-140-sp","status":"publish","type":"product","link":"https:\/\/shop.garagestyger.ch\/?product=mx-140-sp","title":{"rendered":"MX-140-SP LED Lightbar Osram"},"content":{"rendered":"<p>Der LED-Zusatzfernscheinwerfer von Osram mit integrierter Positionsleuchte.<\/p>\n<p>Mit seinen Hochleistungs LED`S erreicht der MX-140-<strong>SP<\/strong>ot eine Distanz von bis zu 200m. Das Positionslicht ist separat ansteuerbar und wie der Fernscheinwerfer auch zugelassen und enspricht der ECE-R7 Norm. Da der Scheinwerfer \u00fcber eine ECE-R112 Zulassung verf\u00fcgt, darf dieser als Zusatzfernscheinwerfer verbaut und nat\u00fcrlich auch benutzt werden. Zu beachten ist dabei jedoch das diese immer paarweise verbaut werden m\u00fcssen.<\/p>\n<p>Dank des Aluminium-Geh\u00e4uses und der fast unzerst\u00f6rbaren und kratzfesten Polycarbonat-Scheibe ist der Scheinwerfer extrem Robust und zudem auch Wasserdicht nach dem IP67 Standart. Wie alle Osram LED-Zusatzscheinwerfer besteht auch der MX-140 aus Edelstahl und pulverbeschichtetem Aluminium. Dadurch erreichen die Scheinwerfer die in der Automobilbranche \u00fcblichen Korrosionsschutzstandarts.<\/p>\n<p>Der MX-140-SP wird mit einem Montageb\u00fcgel geliefert.<\/p>\n<p>&nbsp;<\/p>\n<table width=\"600\">\n<tbody>\n<tr>\n<td width=\"300\">Zulassung als Fernscheinwerfer<\/td>\n<td width=\"300\">Ja ECE-R112, Ref.Zahl 10<\/td>\n<\/tr>\n<tr>\n<td width=\"300\">Zulassung als Positionsleuchte<\/td>\n<td width=\"300\">Ja ECE-R7<\/td>\n<\/tr>\n<tr>\n<td width=\"300\">Betriebsspannung<\/td>\n<td width=\"300\">12V\/ 24V DC<\/td>\n<\/tr>\n<tr>\n<td width=\"300\">Leistungsaufnahme<\/td>\n<td width=\"300\">30W<\/td>\n<\/tr>\n<tr>\n<td width=\"300\">Schutzklasse Geh\u00e4use<\/td>\n<td width=\"300\">IP67<\/td>\n<\/tr>\n<tr>\n<td width=\"300\">Betriebstemperatur<\/td>\n<td width=\"300\">N\/A<\/td>\n<\/tr>\n<tr>\n<td width=\"300\">Farbtemperatur<\/td>\n<td width=\"300\">6000\u00b0K<\/td>\n<\/tr>\n<tr>\n<td width=\"300\">Lichtstrom<\/td>\n<td width=\"300\">2000 Lm<\/td>\n<\/tr>\n<tr>\n<td width=\"300\">HxBxT<\/td>\n<td width=\"300\">86x140x73mm<\/td>\n<\/tr>\n<tr>\n<td width=\"300\">1Lx @<\/td>\n<td width=\"300\">200m<\/td>\n<\/tr>\n<\/tbody>\n<\/table>\n","protected":false},"excerpt":{"rendered":"<p>Der LED-Zusatzfernscheinwerfer von Osram mit integrierter Positionsleuchte. Mit seinen Hochleistungs LED`S erreicht der MX-140-SPot eine Distanz von bis zu 200m. Das Positionslicht ist separat ansteuerbar und wie der Fernscheinwerfer auch zugelassen und enspricht der ECE-R7 Norm. Da der Scheinwerfer \u00fcber eine ECE-R112 Zulassung verf\u00fcgt, darf dieser als Zusatzfernscheinwerfer verbaut und nat\u00fcrlich auch benutzt werden. Zu [&hellip;]<\/p>\n","protected":false},"featured_media":1125,"comment_status":"open","ping_status":"closed","template":"","meta":[],"product_cat":[403,15,20],"product_tag":[380,381,378,382,377],"_links":{"self":[{"href":"https:\/\/shop.garagestyger.ch\/index.php?rest_route=\/wp\/v2\/product\/1117"}],"collection":[{"href":"https:\/\/shop.garagestyger.ch\/index.php?rest_route=\/wp\/v2\/product"}],"about":[{"href":"https:\/\/shop.garagestyger.ch\/index.php?rest_route=\/wp\/v2\/types\/product"}],"replies":[{"embeddable":true,"href":"https:\/\/shop.garagestyger.ch\/index.php?rest_route=%2Fwp%2Fv2%2Fcomments&post=1117"}],"wp:featuredmedia":[{"embeddable":true,"href":"https:\/\/shop.garagestyger.ch\/index.php?rest_route=\/wp\/v2\/media\/1125"}],"wp:attachment":[{"href":"https:\/\/shop.garagestyger.ch\/index.php?rest_route=%2Fwp%2Fv2%2Fmedia&parent=1117"}],"wp:term":[{"taxonomy":"product_cat","embeddable":true,"href":"https:\/\/shop.garagestyger.ch\/index.php?rest_route=%2Fwp%2Fv2%2Fproduct_cat&post=1117"},{"taxonomy":"product_tag","embeddable":true,"href":"https:\/\/shop.garagestyger.ch\/index.php?rest_route=%2Fwp%2Fv2%2Fproduct_tag&post=1117"}],"curies":[{"name":"wp","href":"https:\/\/api.w.org\/{rel}","templated":true}]}}