{"id":25,"date":"2021-05-06T12:46:40","date_gmt":"2021-05-06T12:46:40","guid":{"rendered":"https:\/\/shop.garagestyger.ch\/?page_id=25"},"modified":"2021-08-26T10:02:43","modified_gmt":"2021-08-26T10:02:43","slug":"startseite","status":"publish","type":"page","link":"https:\/\/shop.garagestyger.ch\/","title":{"rendered":"Startseite"},"content":{"rendered":"\n<h1 class=\"wp-block-heading\">Garage Styger Webshop<\/h1>\n\n\n\n<p>Herzlich Willkommen beim Wegshop der Garage Styger GmbH<\/p>\n\n\n\n<p>Sie finden bei uns ausgew\u00e4hltes Camping, Offroad und Fahrzeug Zubeh\u00f6r. Wir sind Offizielle H\u00e4ndler der Marken: Front Runner, Horntools, Rival, Trailmaster, Zestino Switzerland und Livestyle Camper. Sollte Ihr gew\u00fcnschtes Produkt Online nicht ersichtlich sein, k\u00f6nnen Sie uns das gerne per <a href=\"https:\/\/shop.garagestyger.ch\/kontakt\/\" data-type=\"page\" data-id=\"70\">Mail<\/a>, Telefonisch oder \u00fcber das <a href=\"https:\/\/garagestyger.ch\/index.php\/kontakt-2\/\" data-type=\"URL\" data-id=\"https:\/\/garagestyger.ch\/index.php\/kontakt-2\/\">Kontaktformular<\/a> melden.<\/p>\n\n\n\n<div style=\"height:100px\" aria-hidden=\"true\" class=\"wp-block-spacer\"><\/div>\n\n\n\n<h2 class=\"wp-block-heading\">Neuste Produkte<\/h2>\n\n\n\n<div class=\"wp-block-columns is-layout-flex wp-container-core-columns-is-layout-1 wp-block-columns-is-layout-flex\">\n<div class=\"wp-block-column is-layout-flow wp-block-column-is-layout-flow\" style=\"flex-basis:100%\"><div class=\"wc-block-grid wp-block-product-new wc-block-product-new has-3-columns has-multiple-rows\"><ul class=\"wc-block-grid__products\"><li class=\"wc-block-grid__product\">\n\t\t\t\t<a href=\"https:\/\/shop.garagestyger.ch\/?product=osram-wire-harness-kabelbaum-ax-1ls\" class=\"wc-block-grid__product-link\">\n\t\t\t\t\t<div class=\"wc-block-grid__product-image\"><img loading=\"lazy\" decoding=\"async\" width=\"324\" height=\"324\" src=\"https:\/\/shop.garagestyger.ch\/wp-content\/uploads\/2022\/11\/ligh202_3-324x324.jpg\" class=\"attachment-woocommerce_thumbnail size-woocommerce_thumbnail\" alt=\"\" srcset=\"https:\/\/shop.garagestyger.ch\/wp-content\/uploads\/2022\/11\/ligh202_3-324x324.jpg 324w, https:\/\/shop.garagestyger.ch\/wp-content\/uploads\/2022\/11\/ligh202_3-150x150.jpg 150w, https:\/\/shop.garagestyger.ch\/wp-content\/uploads\/2022\/11\/ligh202_3-100x100.jpg 100w\" sizes=\"(max-width: 324px) 100vw, 324px\" \/><\/div>\n\t\t\t\t\t<div class=\"wc-block-grid__product-title\">Osram Wire Harness Kabelbaum AX 1LS<\/div>\n\t\t\t\t<\/a>\n\t\t\t\t\n\t\t\t\t<div class=\"wc-block-grid__product-price price\"><span class=\"woocommerce-Price-amount amount\"><span class=\"woocommerce-Price-currencySymbol\">&#067;&#072;&#070;<\/span>&nbsp;38.00<\/span><\/div>\n\t\t\t\t\n\t\t\t\t<div class=\"wp-block-button wc-block-grid__product-add-to-cart\"><a href=\"?add-to-cart=3246\" aria-label=\"\u201eOsram Wire Harness Kabelbaum AX 1LS\u201c zu deinem Warenkorb hinzuf\u00fcgen\" data-quantity=\"1\" data-product_id=\"3246\" data-product_sku=\"AX 1LS\" rel=\"nofollow\" class=\"wp-block-button__link add_to_cart_button ajax_add_to_cart\">In den Warenkorb<\/a><\/div>\n\t\t\t<\/li><li class=\"wc-block-grid__product\">\n\t\t\t\t<a href=\"https:\/\/shop.garagestyger.ch\/?product=osram-wire-harness-kabelbaum\" class=\"wc-block-grid__product-link\">\n\t\t\t\t\t<div class=\"wc-block-grid__product-image\"><img loading=\"lazy\" decoding=\"async\" width=\"324\" height=\"324\" src=\"https:\/\/shop.garagestyger.ch\/wp-content\/uploads\/2022\/11\/ledriving-wire-harness-ax-2ls-kabelbaum-fuer-lichtleisten-1st-osram-324x324.webp\" class=\"attachment-woocommerce_thumbnail size-woocommerce_thumbnail\" alt=\"\" srcset=\"https:\/\/shop.garagestyger.ch\/wp-content\/uploads\/2022\/11\/ledriving-wire-harness-ax-2ls-kabelbaum-fuer-lichtleisten-1st-osram-324x324.webp 324w, https:\/\/shop.garagestyger.ch\/wp-content\/uploads\/2022\/11\/ledriving-wire-harness-ax-2ls-kabelbaum-fuer-lichtleisten-1st-osram-150x150.webp 150w, https:\/\/shop.garagestyger.ch\/wp-content\/uploads\/2022\/11\/ledriving-wire-harness-ax-2ls-kabelbaum-fuer-lichtleisten-1st-osram-100x100.webp 100w\" sizes=\"(max-width: 324px) 100vw, 324px\" \/><\/div>\n\t\t\t\t\t<div class=\"wc-block-grid__product-title\">OSRAM Wire Harness Kabelbaum AX 2LS<\/div>\n\t\t\t\t<\/a>\n\t\t\t\t\n\t\t\t\t<div class=\"wc-block-grid__product-price price\"><span class=\"woocommerce-Price-amount amount\"><span class=\"woocommerce-Price-currencySymbol\">&#067;&#072;&#070;<\/span>&nbsp;48.20<\/span><\/div>\n\t\t\t\t\n\t\t\t\t<div class=\"wp-block-button wc-block-grid__product-add-to-cart\"><a href=\"?add-to-cart=3239\" aria-label=\"\u201eOSRAM Wire Harness Kabelbaum AX 2LS\u201c zu deinem Warenkorb hinzuf\u00fcgen\" data-quantity=\"1\" data-product_id=\"3239\" data-product_sku=\"AX 2LS\" rel=\"nofollow\" class=\"wp-block-button__link add_to_cart_button ajax_add_to_cart\">In den Warenkorb<\/a><\/div>\n\t\t\t<\/li><li class=\"wc-block-grid__product\">\n\t\t\t\t<a href=\"https:\/\/shop.garagestyger.ch\/?product=spanngurt-mit-schnellverschluss-von-front-runner\" class=\"wc-block-grid__product-link\">\n\t\t\t\t\t<div class=\"wc-block-grid__product-image\"><img loading=\"lazy\" decoding=\"async\" width=\"324\" height=\"324\" src=\"https:\/\/shop.garagestyger.ch\/wp-content\/uploads\/2022\/10\/stra057.1_1-324x324.jpg\" class=\"attachment-woocommerce_thumbnail size-woocommerce_thumbnail\" alt=\"\" srcset=\"https:\/\/shop.garagestyger.ch\/wp-content\/uploads\/2022\/10\/stra057.1_1-324x324.jpg 324w, https:\/\/shop.garagestyger.ch\/wp-content\/uploads\/2022\/10\/stra057.1_1-150x150.jpg 150w, https:\/\/shop.garagestyger.ch\/wp-content\/uploads\/2022\/10\/stra057.1_1-100x100.jpg 100w\" sizes=\"(max-width: 324px) 100vw, 324px\" \/><\/div>\n\t\t\t\t\t<div class=\"wc-block-grid__product-title\">Spanngurt mit Schnellverschluss &#8211; von Front Runner<\/div>\n\t\t\t\t<\/a>\n\t\t\t\t\n\t\t\t\t<div class=\"wc-block-grid__product-price price\"><span class=\"woocommerce-Price-amount amount\"><span class=\"woocommerce-Price-currencySymbol\">&#067;&#072;&#070;<\/span>&nbsp;58.50<\/span><\/div>\n\t\t\t\t\n\t\t\t\t<div class=\"wp-block-button wc-block-grid__product-add-to-cart\"><a href=\"?add-to-cart=3230\" aria-label=\"\u201eSpanngurt mit Schnellverschluss - von Front Runner\u201c zu deinem Warenkorb hinzuf\u00fcgen\" data-quantity=\"1\" data-product_id=\"3230\" data-product_sku=\"STRA057\" rel=\"nofollow\" class=\"wp-block-button__link add_to_cart_button ajax_add_to_cart\">In den Warenkorb<\/a><\/div>\n\t\t\t<\/li><li class=\"wc-block-grid__product\">\n\t\t\t\t<a href=\"https:\/\/shop.garagestyger.ch\/?product=expander-tisch-von-front-runner\" class=\"wc-block-grid__product-link\">\n\t\t\t\t\t<div class=\"wc-block-grid__product-image\"><img loading=\"lazy\" decoding=\"async\" width=\"324\" height=\"324\" src=\"https:\/\/shop.garagestyger.ch\/wp-content\/uploads\/2022\/10\/tbra037_07nologo3-324x324.jpg\" class=\"attachment-woocommerce_thumbnail size-woocommerce_thumbnail\" alt=\"\" srcset=\"https:\/\/shop.garagestyger.ch\/wp-content\/uploads\/2022\/10\/tbra037_07nologo3-324x324.jpg 324w, https:\/\/shop.garagestyger.ch\/wp-content\/uploads\/2022\/10\/tbra037_07nologo3-150x150.jpg 150w, https:\/\/shop.garagestyger.ch\/wp-content\/uploads\/2022\/10\/tbra037_07nologo3-100x100.jpg 100w\" sizes=\"(max-width: 324px) 100vw, 324px\" \/><\/div>\n\t\t\t\t\t<div class=\"wc-block-grid__product-title\">Expander Tisch von Front Runner<\/div>\n\t\t\t\t<\/a>\n\t\t\t\t\n\t\t\t\t<div class=\"wc-block-grid__product-price price\"><span class=\"woocommerce-Price-amount amount\"><span class=\"woocommerce-Price-currencySymbol\">&#067;&#072;&#070;<\/span>&nbsp;108.00<\/span><\/div>\n\t\t\t\t\n\t\t\t\t<div class=\"wp-block-button wc-block-grid__product-add-to-cart\"><a href=\"?add-to-cart=3219\" aria-label=\"\u201eExpander Tisch von Front Runner\u201c zu deinem Warenkorb hinzuf\u00fcgen\" data-quantity=\"1\" data-product_id=\"3219\" data-product_sku=\"TBRA037\" rel=\"nofollow\" class=\"wp-block-button__link add_to_cart_button ajax_add_to_cart\">In den Warenkorb<\/a><\/div>\n\t\t\t<\/li><li class=\"wc-block-grid__product\">\n\t\t\t\t<a href=\"https:\/\/shop.garagestyger.ch\/?product=dachzelt-reissverschluss-fuer-hrt05-1-6-m-ykk\" class=\"wc-block-grid__product-link\">\n\t\t\t\t\t<div class=\"wc-block-grid__product-image\"><img loading=\"lazy\" decoding=\"async\" width=\"324\" height=\"324\" src=\"https:\/\/shop.garagestyger.ch\/wp-content\/uploads\/2022\/10\/phrtzip-324x324.jpg\" class=\"attachment-woocommerce_thumbnail size-woocommerce_thumbnail\" alt=\"\" srcset=\"https:\/\/shop.garagestyger.ch\/wp-content\/uploads\/2022\/10\/phrtzip-324x324.jpg 324w, https:\/\/shop.garagestyger.ch\/wp-content\/uploads\/2022\/10\/phrtzip-300x300.jpg 300w, https:\/\/shop.garagestyger.ch\/wp-content\/uploads\/2022\/10\/phrtzip-1024x1024.jpg 1024w, https:\/\/shop.garagestyger.ch\/wp-content\/uploads\/2022\/10\/phrtzip-150x150.jpg 150w, https:\/\/shop.garagestyger.ch\/wp-content\/uploads\/2022\/10\/phrtzip-768x768.jpg 768w, https:\/\/shop.garagestyger.ch\/wp-content\/uploads\/2022\/10\/phrtzip-416x416.jpg 416w, https:\/\/shop.garagestyger.ch\/wp-content\/uploads\/2022\/10\/phrtzip-100x100.jpg 100w, https:\/\/shop.garagestyger.ch\/wp-content\/uploads\/2022\/10\/phrtzip.jpg 1200w\" sizes=\"(max-width: 324px) 100vw, 324px\" \/><\/div>\n\t\t\t\t\t<div class=\"wc-block-grid__product-title\">Dachzelt Reissverschluss f\u00fcr HRT05 1.6 m YKK<\/div>\n\t\t\t\t<\/a>\n\t\t\t\t\n\t\t\t\t<div class=\"wc-block-grid__product-price price\"><span class=\"woocommerce-Price-amount amount\"><span class=\"woocommerce-Price-currencySymbol\">&#067;&#072;&#070;<\/span>&nbsp;45.00<\/span><\/div>\n\t\t\t\t\n\t\t\t\t<div class=\"wp-block-button wc-block-grid__product-add-to-cart\"><a href=\"?add-to-cart=3217\" aria-label=\"\u201eDachzelt Reissverschluss f\u00fcr HRT05 1.6 m YKK\u201c zu deinem Warenkorb hinzuf\u00fcgen\" data-quantity=\"1\" data-product_id=\"3217\" data-product_sku=\"PHRTZIP16\" rel=\"nofollow\" class=\"wp-block-button__link add_to_cart_button ajax_add_to_cart\">In den Warenkorb<\/a><\/div>\n\t\t\t<\/li><li class=\"wc-block-grid__product\">\n\t\t\t\t<a href=\"https:\/\/shop.garagestyger.ch\/?product=raptor-liner-kit-4l-2k-polyurathan-beschichtung-schwarz\" class=\"wc-block-grid__product-link\">\n\t\t\t\t\t<div class=\"wc-block-grid__product-image\"><img loading=\"lazy\" decoding=\"async\" width=\"324\" height=\"324\" src=\"https:\/\/shop.garagestyger.ch\/wp-content\/uploads\/2022\/10\/RA-VMF-RL4-S-324x324.png\" class=\"attachment-woocommerce_thumbnail size-woocommerce_thumbnail\" alt=\"\" srcset=\"https:\/\/shop.garagestyger.ch\/wp-content\/uploads\/2022\/10\/RA-VMF-RL4-S-324x324.png 324w, https:\/\/shop.garagestyger.ch\/wp-content\/uploads\/2022\/10\/RA-VMF-RL4-S-300x300.png 300w, https:\/\/shop.garagestyger.ch\/wp-content\/uploads\/2022\/10\/RA-VMF-RL4-S-1024x1024.png 1024w, https:\/\/shop.garagestyger.ch\/wp-content\/uploads\/2022\/10\/RA-VMF-RL4-S-150x150.png 150w, https:\/\/shop.garagestyger.ch\/wp-content\/uploads\/2022\/10\/RA-VMF-RL4-S-768x768.png 768w, https:\/\/shop.garagestyger.ch\/wp-content\/uploads\/2022\/10\/RA-VMF-RL4-S-416x416.png 416w, https:\/\/shop.garagestyger.ch\/wp-content\/uploads\/2022\/10\/RA-VMF-RL4-S-100x100.png 100w, https:\/\/shop.garagestyger.ch\/wp-content\/uploads\/2022\/10\/RA-VMF-RL4-S.png 1500w\" sizes=\"(max-width: 324px) 100vw, 324px\" \/><\/div>\n\t\t\t\t\t<div class=\"wc-block-grid__product-title\">Raptor Liner Kit 4l, 2K-Polyurathan Beschichtung, schwarz<\/div>\n\t\t\t\t<\/a>\n\t\t\t\t\n\t\t\t\t<div class=\"wc-block-grid__product-price price\"><span class=\"woocommerce-Price-amount amount\"><span class=\"woocommerce-Price-currencySymbol\">&#067;&#072;&#070;<\/span>&nbsp;187.00<\/span><\/div>\n\t\t\t\t\n\t\t\t\t<div class=\"wp-block-button wc-block-grid__product-add-to-cart\"><a href=\"?add-to-cart=3216\" aria-label=\"\u201eRaptor Liner Kit 4l, 2K-Polyurathan Beschichtung, schwarz\u201c zu deinem Warenkorb hinzuf\u00fcgen\" data-quantity=\"1\" data-product_id=\"3216\" data-product_sku=\"RA-VMF-RL4-S\" rel=\"nofollow\" class=\"wp-block-button__link add_to_cart_button ajax_add_to_cart\">In den Warenkorb<\/a><\/div>\n\t\t\t<\/li><li class=\"wc-block-grid__product\">\n\t\t\t\t<a href=\"https:\/\/shop.garagestyger.ch\/?product=raptor-liner-kit-1l-2k-polyurethan-beschichtung-schwarz\" class=\"wc-block-grid__product-link\">\n\t\t\t\t\t<div class=\"wc-block-grid__product-image\"><img loading=\"lazy\" decoding=\"async\" width=\"324\" height=\"324\" src=\"https:\/\/shop.garagestyger.ch\/wp-content\/uploads\/2022\/10\/RA-VMF-RL4-S-324x324.png\" class=\"attachment-woocommerce_thumbnail size-woocommerce_thumbnail\" alt=\"\" srcset=\"https:\/\/shop.garagestyger.ch\/wp-content\/uploads\/2022\/10\/RA-VMF-RL4-S-324x324.png 324w, https:\/\/shop.garagestyger.ch\/wp-content\/uploads\/2022\/10\/RA-VMF-RL4-S-300x300.png 300w, https:\/\/shop.garagestyger.ch\/wp-content\/uploads\/2022\/10\/RA-VMF-RL4-S-1024x1024.png 1024w, https:\/\/shop.garagestyger.ch\/wp-content\/uploads\/2022\/10\/RA-VMF-RL4-S-150x150.png 150w, https:\/\/shop.garagestyger.ch\/wp-content\/uploads\/2022\/10\/RA-VMF-RL4-S-768x768.png 768w, https:\/\/shop.garagestyger.ch\/wp-content\/uploads\/2022\/10\/RA-VMF-RL4-S-416x416.png 416w, https:\/\/shop.garagestyger.ch\/wp-content\/uploads\/2022\/10\/RA-VMF-RL4-S-100x100.png 100w, https:\/\/shop.garagestyger.ch\/wp-content\/uploads\/2022\/10\/RA-VMF-RL4-S.png 1500w\" sizes=\"(max-width: 324px) 100vw, 324px\" \/><\/div>\n\t\t\t\t\t<div class=\"wc-block-grid__product-title\">Raptor Liner Kit 1l, 2K-Polyurethan Beschichtung, schwarz<\/div>\n\t\t\t\t<\/a>\n\t\t\t\t\n\t\t\t\t<div class=\"wc-block-grid__product-price price\"><span class=\"woocommerce-Price-amount amount\"><span class=\"woocommerce-Price-currencySymbol\">&#067;&#072;&#070;<\/span>&nbsp;48.50<\/span><\/div>\n\t\t\t\t\n\t\t\t\t<div class=\"wp-block-button wc-block-grid__product-add-to-cart\"><a href=\"?add-to-cart=3214\" aria-label=\"\u201eRaptor Liner Kit 1l, 2K-Polyurethan Beschichtung, schwarz\u201c zu deinem Warenkorb hinzuf\u00fcgen\" data-quantity=\"1\" data-product_id=\"3214\" data-product_sku=\"RA-VMF-RL1-S\" rel=\"nofollow\" class=\"wp-block-button__link add_to_cart_button ajax_add_to_cart\">In den Warenkorb<\/a><\/div>\n\t\t\t<\/li><li class=\"wc-block-grid__product\">\n\t\t\t\t<a href=\"https:\/\/shop.garagestyger.ch\/?product=raptor-haftvermittler-spraydose-1k-transparent\" class=\"wc-block-grid__product-link\">\n\t\t\t\t\t<div class=\"wc-block-grid__product-image\"><img loading=\"lazy\" decoding=\"async\" width=\"324\" height=\"324\" src=\"https:\/\/shop.garagestyger.ch\/wp-content\/uploads\/2022\/10\/RA-VMF-RHVS_1-324x324.png\" class=\"attachment-woocommerce_thumbnail size-woocommerce_thumbnail\" alt=\"\" srcset=\"https:\/\/shop.garagestyger.ch\/wp-content\/uploads\/2022\/10\/RA-VMF-RHVS_1-324x324.png 324w, https:\/\/shop.garagestyger.ch\/wp-content\/uploads\/2022\/10\/RA-VMF-RHVS_1-300x300.png 300w, https:\/\/shop.garagestyger.ch\/wp-content\/uploads\/2022\/10\/RA-VMF-RHVS_1-1024x1024.png 1024w, https:\/\/shop.garagestyger.ch\/wp-content\/uploads\/2022\/10\/RA-VMF-RHVS_1-150x150.png 150w, https:\/\/shop.garagestyger.ch\/wp-content\/uploads\/2022\/10\/RA-VMF-RHVS_1-768x768.png 768w, https:\/\/shop.garagestyger.ch\/wp-content\/uploads\/2022\/10\/RA-VMF-RHVS_1-416x416.png 416w, https:\/\/shop.garagestyger.ch\/wp-content\/uploads\/2022\/10\/RA-VMF-RHVS_1-100x100.png 100w, https:\/\/shop.garagestyger.ch\/wp-content\/uploads\/2022\/10\/RA-VMF-RHVS_1.png 1500w\" sizes=\"(max-width: 324px) 100vw, 324px\" \/><\/div>\n\t\t\t\t\t<div class=\"wc-block-grid__product-title\">Raptor Haftvermittler Spraydose, 1K, transparent<\/div>\n\t\t\t\t<\/a>\n\t\t\t\t\n\t\t\t\t<div class=\"wc-block-grid__product-price price\"><span class=\"woocommerce-Price-amount amount\"><span class=\"woocommerce-Price-currencySymbol\">&#067;&#072;&#070;<\/span>&nbsp;30.50<\/span><\/div>\n\t\t\t\t\n\t\t\t\t<div class=\"wp-block-button wc-block-grid__product-add-to-cart\"><a href=\"?add-to-cart=3212\" aria-label=\"\u201eRaptor Haftvermittler Spraydose, 1K, transparent\u201c zu deinem Warenkorb hinzuf\u00fcgen\" data-quantity=\"1\" data-product_id=\"3212\" data-product_sku=\"RA-VMF-RHVS\" rel=\"nofollow\" class=\"wp-block-button__link add_to_cart_button ajax_add_to_cart\">In den Warenkorb<\/a><\/div>\n\t\t\t<\/li><li class=\"wc-block-grid__product\">\n\t\t\t\t<a href=\"https:\/\/shop.garagestyger.ch\/?product=raptor-liner-spraydose-2k-polyurethan-beschichtung-schwarz\" class=\"wc-block-grid__product-link\">\n\t\t\t\t\t<div class=\"wc-block-grid__product-image\"><img loading=\"lazy\" decoding=\"async\" width=\"324\" height=\"324\" src=\"https:\/\/shop.garagestyger.ch\/wp-content\/uploads\/2022\/10\/RA-VMF-RLS-S-324x324.png\" class=\"attachment-woocommerce_thumbnail size-woocommerce_thumbnail\" alt=\"\" srcset=\"https:\/\/shop.garagestyger.ch\/wp-content\/uploads\/2022\/10\/RA-VMF-RLS-S-324x324.png 324w, https:\/\/shop.garagestyger.ch\/wp-content\/uploads\/2022\/10\/RA-VMF-RLS-S-300x300.png 300w, https:\/\/shop.garagestyger.ch\/wp-content\/uploads\/2022\/10\/RA-VMF-RLS-S-1024x1024.png 1024w, https:\/\/shop.garagestyger.ch\/wp-content\/uploads\/2022\/10\/RA-VMF-RLS-S-150x150.png 150w, https:\/\/shop.garagestyger.ch\/wp-content\/uploads\/2022\/10\/RA-VMF-RLS-S-768x768.png 768w, https:\/\/shop.garagestyger.ch\/wp-content\/uploads\/2022\/10\/RA-VMF-RLS-S-416x416.png 416w, https:\/\/shop.garagestyger.ch\/wp-content\/uploads\/2022\/10\/RA-VMF-RLS-S-100x100.png 100w, https:\/\/shop.garagestyger.ch\/wp-content\/uploads\/2022\/10\/RA-VMF-RLS-S.png 1500w\" sizes=\"(max-width: 324px) 100vw, 324px\" \/><\/div>\n\t\t\t\t\t<div class=\"wc-block-grid__product-title\">Raptor Liner Spraydose, 2K-Polyurethan Beschichtung, schwarz<\/div>\n\t\t\t\t<\/a>\n\t\t\t\t\n\t\t\t\t<div class=\"wc-block-grid__product-price price\"><span class=\"woocommerce-Price-amount amount\"><span class=\"woocommerce-Price-currencySymbol\">&#067;&#072;&#070;<\/span>&nbsp;48.50<\/span><\/div>\n\t\t\t\t\n\t\t\t\t<div class=\"wp-block-button wc-block-grid__product-add-to-cart\"><a href=\"?add-to-cart=3204\" aria-label=\"\u201eRaptor Liner Spraydose, 2K-Polyurethan Beschichtung, schwarz\u201c zu deinem Warenkorb hinzuf\u00fcgen\" data-quantity=\"1\" data-product_id=\"3204\" data-product_sku=\"RA-VMF-RLS-S\" rel=\"nofollow\" class=\"wp-block-button__link add_to_cart_button ajax_add_to_cart\">In den Warenkorb<\/a><\/div>\n\t\t\t<\/li><\/ul><\/div><\/div>\n<\/div>\n","protected":false},"excerpt":{"rendered":"<p>Garage Styger Webshop Herzlich Willkommen beim Wegshop der Garage Styger GmbH Sie finden bei uns ausgew\u00e4hltes Camping, Offroad und Fahrzeug Zubeh\u00f6r. Wir sind Offizielle H\u00e4ndler der Marken: Front Runner, Horntools, Rival, Trailmaster, Zestino Switzerland und Livestyle Camper. Sollte Ihr gew\u00fcnschtes Produkt Online nicht ersichtlich sein, k\u00f6nnen Sie uns das gerne per Mail, Telefonisch oder \u00fcber [&hellip;]<\/p>\n","protected":false},"author":1,"featured_media":0,"parent":0,"menu_order":0,"comment_status":"closed","ping_status":"closed","template":"template-fullwidth.php","meta":{"footnotes":""},"_links":{"self":[{"href":"https:\/\/shop.garagestyger.ch\/index.php?rest_route=\/wp\/v2\/pages\/25"}],"collection":[{"href":"https:\/\/shop.garagestyger.ch\/index.php?rest_route=\/wp\/v2\/pages"}],"about":[{"href":"https:\/\/shop.garagestyger.ch\/index.php?rest_route=\/wp\/v2\/types\/page"}],"author":[{"embeddable":true,"href":"https:\/\/shop.garagestyger.ch\/index.php?rest_route=\/wp\/v2\/users\/1"}],"replies":[{"embeddable":true,"href":"https:\/\/shop.garagestyger.ch\/index.php?rest_route=%2Fwp%2Fv2%2Fcomments&post=25"}],"version-history":[{"count":13,"href":"https:\/\/shop.garagestyger.ch\/index.php?rest_route=\/wp\/v2\/pages\/25\/revisions"}],"predecessor-version":[{"id":1313,"href":"https:\/\/shop.garagestyger.ch\/index.php?rest_route=\/wp\/v2\/pages\/25\/revisions\/1313"}],"wp:attachment":[{"href":"https:\/\/shop.garagestyger.ch\/index.php?rest_route=%2Fwp%2Fv2%2Fmedia&parent=25"}],"curies":[{"name":"wp","href":"https:\/\/api.w.org\/{rel}","templated":true}]}}